{"id":11,"date":"2021-09-30T07:50:03","date_gmt":"2021-09-30T07:50:03","guid":{"rendered":"http:\/\/modernart.funsite.cz\/?page_id=11"},"modified":"2025-07-08T07:30:27","modified_gmt":"2025-07-08T07:30:27","slug":"o-me","status":"publish","type":"page","link":"https:\/\/www.modernart.cz\/?page_id=11","title":{"rendered":"O mn\u011b"},"content":{"rendered":"\n<p>Tom\u00e1\u0161 Pet\u0159\u00ed\u010dek, narozen 8.7. 1975, \u017eije a pracuje v Beroun\u011b. U\u010d\u00ed v\u00fdtvarnou v\u00fdchovu a d\u011bjiny um\u011bn\u00ed na Obchodn\u00ed adakemii a St\u0159edn\u00ed pedagogick\u00e9 \u0161kole v Beroun\u011b. S\u00e1m glosuje svoji mimo\u0161koln\u00ed tvorbu: &#8222;m\u016fj mal\u00ed\u0159sk\u00fd styl se pohybuje na rozmez\u00ed analytick\u00e9ho kubismu a abstraktn\u00ed malby s p\u0159esahem do art brut. Mezi m\u00e9 inspirativn\u00ed zdroje pat\u0159\u00ed Pablo Picasso, Franti\u0161ek Kupka a Emil Filla. K malb\u011b obraz\u016f pou\u017e\u00edv\u00e1m techniku akryl na pl\u00e1tn\u011b, okrajov\u011b t\u00e9\u017e tvo\u0159\u00edm drobn\u00e9 keramick\u00e9 plastiky figur a struktur\u00e1ln\u00ed a aktivn\u00ed grafiku&#8220; dle Vladim\u00edra Boudn\u00edka.<\/p>\n","protected":false},"excerpt":{"rendered":"<p>Tom\u00e1\u0161 Pet\u0159\u00ed\u010dek, narozen 8.7. 1975, \u017eije a pracuje v Beroun\u011b. U\u010d\u00ed v\u00fdtvarnou v\u00fdchovu a d\u011bjiny um\u011bn\u00ed na Obchodn\u00ed adakemii a St\u0159edn\u00ed pedagogick\u00e9 \u0161kole v Beroun\u011b. S\u00e1m glosuje svoji mimo\u0161koln\u00ed tvorbu: &#8222;m\u016fj mal\u00ed\u0159sk\u00fd styl se pohybuje na rozmez\u00ed analytick\u00e9ho kubismu a abstraktn\u00ed malby s p\u0159esahem do art brut. Mezi m\u00e9 inspirativn\u00ed zdroje pat\u0159\u00ed Pablo Picasso, Franti\u0161ek &hellip; <\/p>\n<p class=\"link-more\"><a href=\"https:\/\/www.modernart.cz\/?page_id=11\" class=\"more-link\">Pokra\u010dovat ve \u010dten\u00ed<span class=\"screen-reader-text\"> &#8222;O mn\u011b&#8220;<\/span><\/a><\/p>\n","protected":false},"author":1,"featured_media":0,"parent":0,"menu_order":0,"comment_status":"closed","ping_status":"closed","template":"","meta":{"footnotes":""},"class_list":["post-11","page","type-page","status-publish","hentry"],"_links":{"self":[{"href":"https:\/\/www.modernart.cz\/index.php?rest_route=\/wp\/v2\/pages\/11","targetHints":{"allow":["GET"]}}],"collection":[{"href":"https:\/\/www.modernart.cz\/index.php?rest_route=\/wp\/v2\/pages"}],"about":[{"href":"https:\/\/www.modernart.cz\/index.php?rest_route=\/wp\/v2\/types\/page"}],"author":[{"embeddable":true,"href":"https:\/\/www.modernart.cz\/index.php?rest_route=\/wp\/v2\/users\/1"}],"replies":[{"embeddable":true,"href":"https:\/\/www.modernart.cz\/index.php?rest_route=%2Fwp%2Fv2%2Fcomments&post=11"}],"version-history":[{"count":2,"href":"https:\/\/www.modernart.cz\/index.php?rest_route=\/wp\/v2\/pages\/11\/revisions"}],"predecessor-version":[{"id":113,"href":"https:\/\/www.modernart.cz\/index.php?rest_route=\/wp\/v2\/pages\/11\/revisions\/113"}],"wp:attachment":[{"href":"https:\/\/www.modernart.cz\/index.php?rest_route=%2Fwp%2Fv2%2Fmedia&parent=11"}],"curies":[{"name":"wp","href":"https:\/\/api.w.org\/{rel}","templated":true}]}}